{"id":36,"date":"2025-06-17T07:30:31","date_gmt":"2025-06-17T12:30:31","guid":{"rendered":"https:\/\/multimarcars.com\/?page_id=36"},"modified":"2025-06-25T11:00:02","modified_gmt":"2025-06-25T16:00:02","slug":"contacto","status":"publish","type":"page","link":"https:\/\/multimarcars.com\/index.php\/contacto\/","title":{"rendered":"Contacto"},"content":{"rendered":"\n<h2 class=\"wp-block-heading has-text-align-center has-montserrat-font-family\" style=\"font-size:24px;text-transform:uppercase\">Soluciones integrales para transporte de carga y movilidad personal<\/h2>\n\n\n\n<div class=\"wp-block-group is-layout-constrained wp-container-core-group-is-layout-29fd4312 wp-block-group-is-layout-constrained\" style=\"padding-top:80px;padding-right:20px;padding-bottom:80px;padding-left:20px\">\n<div class=\"wp-block-columns alignwide is-layout-flex wp-container-core-columns-is-layout-08a2a807 wp-block-columns-is-layout-flex\">\n<div class=\"wp-block-column is-layout-flow wp-block-column-is-layout-flow\" style=\"flex-basis:33.33%\"><div class=\"wp-block-template-part\">\n<div class=\"wp-block-group theme-sidebar is-layout-flow wp-block-group-is-layout-flow\">\n<div class=\"wp-block-group wow zoomIn is-layout-flow wp-block-group-is-layout-flow\">\n<h3 class=\"wp-block-heading has-medium-font-size\" style=\"font-style:normal;font-weight:700;text-transform:capitalize\">Gallery<\/h3>\n\n\n\n<figure class=\"wp-block-gallery has-nested-images columns-2 is-cropped wp-block-gallery-1 is-layout-flex wp-block-gallery-is-layout-flex\">\n<figure class=\"wp-block-image size-large\"><img fetchpriority=\"high\" decoding=\"async\" fetchpriority=\"high\" width=\"1024\" height=\"576\" data-id=\"494\" src=\"https:\/\/multimarcars.com\/wp-content\/uploads\/2025\/06\/WhatsApp-Image-2025-06-21-at-10.07.03-PM-5-1024x576.jpeg\" alt=\"\" class=\"wp-image-494\" srcset=\"https:\/\/multimarcars.com\/wp-content\/uploads\/2025\/06\/WhatsApp-Image-2025-06-21-at-10.07.03-PM-5-1024x576.jpeg 1024w, https:\/\/multimarcars.com\/wp-content\/uploads\/2025\/06\/WhatsApp-Image-2025-06-21-at-10.07.03-PM-5-300x169.jpeg 300w, https:\/\/multimarcars.com\/wp-content\/uploads\/2025\/06\/WhatsApp-Image-2025-06-21-at-10.07.03-PM-5-768x432.jpeg 768w, https:\/\/multimarcars.com\/wp-content\/uploads\/2025\/06\/WhatsApp-Image-2025-06-21-at-10.07.03-PM-5.jpeg 1280w\" sizes=\"(max-width: 1024px) 100vw, 1024px\" \/><\/figure>\n\n\n\n<figure class=\"wp-block-image size-large\"><img loading=\"lazy\" decoding=\"async\" width=\"1024\" height=\"576\" data-id=\"495\" src=\"https:\/\/multimarcars.com\/wp-content\/uploads\/2025\/06\/WhatsApp-Image-2025-06-21-at-10.07.03-PM-2-3-1024x576.jpeg\" alt=\"\" class=\"wp-image-495\" srcset=\"https:\/\/multimarcars.com\/wp-content\/uploads\/2025\/06\/WhatsApp-Image-2025-06-21-at-10.07.03-PM-2-3-1024x576.jpeg 1024w, https:\/\/multimarcars.com\/wp-content\/uploads\/2025\/06\/WhatsApp-Image-2025-06-21-at-10.07.03-PM-2-3-300x169.jpeg 300w, https:\/\/multimarcars.com\/wp-content\/uploads\/2025\/06\/WhatsApp-Image-2025-06-21-at-10.07.03-PM-2-3-768x432.jpeg 768w, https:\/\/multimarcars.com\/wp-content\/uploads\/2025\/06\/WhatsApp-Image-2025-06-21-at-10.07.03-PM-2-3.jpeg 1280w\" sizes=\"(max-width: 1024px) 100vw, 1024px\" \/><\/figure>\n\n\n\n<figure class=\"wp-block-image size-large\"><img loading=\"lazy\" decoding=\"async\" width=\"768\" height=\"1024\" data-id=\"386\" src=\"https:\/\/multimarcars.com\/wp-content\/uploads\/2025\/06\/WhatsApp-Image-2025-06-17-at-2.53.27-PM-768x1024.jpeg\" alt=\"\" class=\"wp-image-386\" srcset=\"https:\/\/multimarcars.com\/wp-content\/uploads\/2025\/06\/WhatsApp-Image-2025-06-17-at-2.53.27-PM-768x1024.jpeg 768w, https:\/\/multimarcars.com\/wp-content\/uploads\/2025\/06\/WhatsApp-Image-2025-06-17-at-2.53.27-PM-225x300.jpeg 225w, https:\/\/multimarcars.com\/wp-content\/uploads\/2025\/06\/WhatsApp-Image-2025-06-17-at-2.53.27-PM-1152x1536.jpeg 1152w, https:\/\/multimarcars.com\/wp-content\/uploads\/2025\/06\/WhatsApp-Image-2025-06-17-at-2.53.27-PM-1536x2048.jpeg 1536w, https:\/\/multimarcars.com\/wp-content\/uploads\/2025\/06\/WhatsApp-Image-2025-06-17-at-2.53.27-PM-scaled.jpeg 1920w\" sizes=\"(max-width: 768px) 100vw, 768px\" \/><\/figure>\n\n\n\n<figure class=\"wp-block-image size-large\"><img loading=\"lazy\" decoding=\"async\" loading=\"lazy\" width=\"768\" height=\"1024\" data-id=\"388\" src=\"https:\/\/multimarcars.com\/wp-content\/uploads\/2025\/06\/WhatsApp-Image-2025-06-17-at-2.53.20-PM-768x1024.jpeg\" alt=\"\" class=\"wp-image-388\" srcset=\"https:\/\/multimarcars.com\/wp-content\/uploads\/2025\/06\/WhatsApp-Image-2025-06-17-at-2.53.20-PM-768x1024.jpeg 768w, https:\/\/multimarcars.com\/wp-content\/uploads\/2025\/06\/WhatsApp-Image-2025-06-17-at-2.53.20-PM-225x300.jpeg 225w, https:\/\/multimarcars.com\/wp-content\/uploads\/2025\/06\/WhatsApp-Image-2025-06-17-at-2.53.20-PM-1152x1536.jpeg 1152w, https:\/\/multimarcars.com\/wp-content\/uploads\/2025\/06\/WhatsApp-Image-2025-06-17-at-2.53.20-PM-1536x2048.jpeg 1536w, https:\/\/multimarcars.com\/wp-content\/uploads\/2025\/06\/WhatsApp-Image-2025-06-17-at-2.53.20-PM-scaled.jpeg 1920w\" sizes=\"auto, (max-width: 768px) 100vw, 768px\" \/><\/figure>\n\n\n\n<figure class=\"wp-block-image size-large\"><img loading=\"lazy\" decoding=\"async\" loading=\"lazy\" width=\"1024\" height=\"576\" data-id=\"345\" src=\"https:\/\/multimarcars.com\/wp-content\/uploads\/2025\/06\/WhatsApp-Image-2025-06-21-at-10.07.03-PM-1-1024x576.jpeg\" alt=\"\" class=\"wp-image-345\" srcset=\"https:\/\/multimarcars.com\/wp-content\/uploads\/2025\/06\/WhatsApp-Image-2025-06-21-at-10.07.03-PM-1-1024x576.jpeg 1024w, https:\/\/multimarcars.com\/wp-content\/uploads\/2025\/06\/WhatsApp-Image-2025-06-21-at-10.07.03-PM-1-300x169.jpeg 300w, https:\/\/multimarcars.com\/wp-content\/uploads\/2025\/06\/WhatsApp-Image-2025-06-21-at-10.07.03-PM-1-768x432.jpeg 768w, https:\/\/multimarcars.com\/wp-content\/uploads\/2025\/06\/WhatsApp-Image-2025-06-21-at-10.07.03-PM-1.jpeg 1280w\" sizes=\"auto, (max-width: 1024px) 100vw, 1024px\" \/><\/figure>\n\n\n\n<figure class=\"wp-block-image size-large\"><img loading=\"lazy\" decoding=\"async\" loading=\"lazy\" width=\"1024\" height=\"576\" data-id=\"402\" src=\"https:\/\/multimarcars.com\/wp-content\/uploads\/2025\/06\/WhatsApp-Image-2025-06-21-at-10.07.04-PM-2-1024x576.jpeg\" alt=\"\" class=\"wp-image-402\" srcset=\"https:\/\/multimarcars.com\/wp-content\/uploads\/2025\/06\/WhatsApp-Image-2025-06-21-at-10.07.04-PM-2-1024x576.jpeg 1024w, https:\/\/multimarcars.com\/wp-content\/uploads\/2025\/06\/WhatsApp-Image-2025-06-21-at-10.07.04-PM-2-300x169.jpeg 300w, https:\/\/multimarcars.com\/wp-content\/uploads\/2025\/06\/WhatsApp-Image-2025-06-21-at-10.07.04-PM-2-768x432.jpeg 768w, https:\/\/multimarcars.com\/wp-content\/uploads\/2025\/06\/WhatsApp-Image-2025-06-21-at-10.07.04-PM-2.jpeg 1280w\" sizes=\"auto, (max-width: 1024px) 100vw, 1024px\" \/><\/figure>\n<\/figure>\n<\/div>\n\n\n\n<div class=\"wp-block-group wow zoomIn is-layout-flow wp-block-group-is-layout-flow\" style=\"font-size:15px;line-height:1.7\">\n<h3 class=\"wp-block-heading has-medium-font-size\" style=\"font-style:normal;font-weight:700;text-transform:capitalize\"><strong>CONT\u00c1CTENOS<\/strong><\/h3>\n\n\n\n<p style=\"line-height:0\"><strong>3188928000<\/strong><\/p>\n\n\n\n<p style=\"font-size:10px;line-height:0.3\"><strong><a href=\"mailto:Ventas@multimarcars.com\">Ventas@multimarcars.com<\/a><\/strong><\/p>\n\n\n\n<p style=\"font-size:10px;line-height:0\"><strong>Oficinas<\/strong><\/p>\n\n\n\n<p style=\"font-size:10px;line-height:0\">Sabana de Bogot\u00e1<\/p>\n\n\n\n<p style=\"font-size:10px;line-height:0\">Bogot\u00e1<\/p>\n\n\n\n<p style=\"font-size:10px;line-height:0\">Ch\u00eda<\/p>\n\n\n\n<p style=\"font-size:10px;line-height:0\">Funza<\/p>\n\n\n\n<p style=\"font-size:15px\">Escr\u00edbenos para guiarte a tu oficina mas cercana seg\u00fan tu requerimiento.<\/p>\n<\/div>\n<\/div>\n<\/div><\/div>\n\n\n\n<div class=\"wp-block-column is-layout-flow wp-block-column-is-layout-flow\" style=\"flex-basis:66.66%\">\n<main class=\"wp-block-group is-layout-constrained wp-container-core-group-is-layout-da976f36 wp-block-group-is-layout-constrained\" style=\"padding-top:0px;padding-right:0px;padding-bottom:0px;padding-left:0px\">\n<div class=\"wp-block-group alignwide has-no-hover-shadow-dark animated animated-fadeInUp has-background-background-color has-background is-layout-flow wp-block-group-is-layout-flow\" style=\"padding-top:40px;padding-right:40px;padding-bottom:40px;padding-left:40px\">\n<div class=\"wp-block-group alignfull is-content-justification-left is-layout-flex wp-container-core-group-is-layout-10b152e8 wp-block-group-is-layout-flex\">\n<p class=\"has-text-align-center has-foreground-color has-text-color has-link-color wp-elements-c2c68fab6ccf408e09b7068f1ed49bb9\"><strong>Para nosotros usted es lo m\u00e1s importante, si tiene alg\u00fan comentario, sugerencia o desea mayor informaci\u00f3n sobre nuestros servicios no dude en contactarnos. Comun\u00edquese o escribanos un mensaje por medio de este formulario, responderemos sus peticiones<\/strong><\/p>\n<\/div>\n<\/div>\n\n\n\n<div class=\"wp-block-group alignwide has-no-hover-shadow-dark animated animated-fadeInUp fadeInUp has-background-background-color has-background is-layout-constrained wp-container-core-group-is-layout-333f8a24 wp-block-group-is-layout-constrained\" style=\"padding-top:40px;padding-right:40px;padding-bottom:40px;padding-left:40px\"><div class=\"wpforms-container wpforms-container-full wpforms-block wpforms-block-b113f8aa-032f-4f4b-92ac-49cf628f2e57 wpforms-render-modern\" id=\"wpforms-223\"><form id=\"wpforms-form-223\" class=\"wpforms-validate wpforms-form wpforms-ajax-form\" data-formid=\"223\" method=\"post\" enctype=\"multipart\/form-data\" action=\"\/index.php\/wp-json\/wp\/v2\/pages\/36\" data-token=\"851d7b83a02ade7b17feed8a732d7dd0\" data-token-time=\"1776347650\"><noscript class=\"wpforms-error-noscript\">Por favor, activa JavaScript en tu navegador para completar este formulario.<\/noscript><div class=\"wpforms-hidden\" id=\"wpforms-error-noscript\">Por favor, activa JavaScript en tu navegador para completar este formulario.<\/div><div class=\"wpforms-field-container\">\t\t<div id=\"wpforms-223-field_1-container\"\n\t\t\tclass=\"wpforms-field wpforms-field-text\"\n\t\t\tdata-field-type=\"text\"\n\t\t\tdata-field-id=\"1\"\n\t\t\t>\n\t\t\t<label class=\"wpforms-field-label\" for=\"wpforms-223-field_1\" >de persona Tel\u00e9fono<\/label>\n\t\t\t<input type=\"text\" id=\"wpforms-223-field_1\" class=\"wpforms-field-medium\" name=\"wpforms[fields][1]\" >\n\t\t<\/div>\n\t\t<div id=\"wpforms-223-field_2-container\" class=\"wpforms-field wpforms-field-name\" data-field-id=\"2\"><fieldset><legend class=\"wpforms-field-label\">Nombre <span class=\"wpforms-required-label\" aria-hidden=\"true\">*<\/span><\/legend><div class=\"wpforms-field-row wpforms-field-large\"><div class=\"wpforms-field-row-block wpforms-first wpforms-one-half\"><input type=\"text\" id=\"wpforms-223-field_2\" class=\"wpforms-field-name-first wpforms-field-required\" name=\"wpforms[fields][2][first]\" aria-errormessage=\"wpforms-223-field_2-error\" required><label for=\"wpforms-223-field_2\" class=\"wpforms-field-sublabel after\">Nombre<\/label><\/div><div class=\"wpforms-field-row-block wpforms-one-half\"><input type=\"text\" id=\"wpforms-223-field_2-last\" class=\"wpforms-field-name-last wpforms-field-required\" name=\"wpforms[fields][2][last]\" aria-errormessage=\"wpforms-223-field_2-last-error\" required><label for=\"wpforms-223-field_2-last\" class=\"wpforms-field-sublabel after\">Apellidos<\/label><\/div><\/div><\/fieldset><\/div><div id=\"wpforms-223-field_3-container\" class=\"wpforms-field wpforms-field-text\" data-field-id=\"3\"><label class=\"wpforms-field-label\" for=\"wpforms-223-field_3\">Tel\u00e9fono <\/label><input type=\"text\" id=\"wpforms-223-field_3\" class=\"wpforms-field-large\" name=\"wpforms[fields][3]\" aria-errormessage=\"wpforms-223-field_3-error\" ><\/div><div id=\"wpforms-223-field_5-container\" class=\"wpforms-field wpforms-field-text\" data-field-id=\"5\"><label class=\"wpforms-field-label\" for=\"wpforms-223-field_5\">Ciudad<\/label><input type=\"text\" id=\"wpforms-223-field_5\" class=\"wpforms-field-large\" name=\"wpforms[fields][5]\" aria-errormessage=\"wpforms-223-field_5-error\" ><\/div><div id=\"wpforms-223-field_6-container\" class=\"wpforms-field wpforms-field-select wpforms-field-select-style-modern\" data-field-id=\"6\"><label class=\"wpforms-field-label\" for=\"wpforms-223-field_6\">Tipo de persona<\/label><select id=\"wpforms-223-field_6\" class=\"wpforms-field-large choicesjs-select\" data-size-class=\"wpforms-field-row wpforms-field-large\" data-search-enabled=\"\" name=\"wpforms[fields][6]\"><option value=\"\" class=\"placeholder\" disabled  selected='selected'><\/option><option value=\"Natural\" >Natural<\/option><option value=\"Jur\u00eddica\" >Jur\u00eddica<\/option><option value=\"Tercera opci\u00f3n\" >Tercera opci\u00f3n<\/option><\/select><\/div><div id=\"wpforms-223-field_7-container\" class=\"wpforms-field wpforms-field-text\" data-field-id=\"7\"><label class=\"wpforms-field-label\" for=\"wpforms-223-field_7\">Email<\/label><input type=\"text\" id=\"wpforms-223-field_7\" class=\"wpforms-field-large\" name=\"wpforms[fields][7]\" aria-errormessage=\"wpforms-223-field_7-error\" ><\/div><script>\n\t\t\t\t( function() {\n\t\t\t\t\tconst style = document.createElement( 'style' );\n\t\t\t\t\tstyle.appendChild( document.createTextNode( '#wpforms-223-field_1-container { position: absolute !important; overflow: hidden !important; display: inline !important; height: 1px !important; width: 1px !important; z-index: -1000 !important; padding: 0 !important; } #wpforms-223-field_1-container input { visibility: hidden; } #wpforms-conversational-form-page #wpforms-223-field_1-container label { counter-increment: none; }' ) );\n\t\t\t\t\tdocument.head.appendChild( style );\n\t\t\t\t\tdocument.currentScript?.remove();\n\t\t\t\t} )();\n\t\t\t<\/script><\/div><!-- .wpforms-field-container --><div class=\"wpforms-submit-container\" ><input type=\"hidden\" name=\"wpforms[id]\" value=\"223\"><input type=\"hidden\" name=\"page_title\" value=\"\"><input type=\"hidden\" name=\"page_url\" value=\"https:\/\/multimarcars.com\/index.php\/wp-json\/wp\/v2\/pages\/36\"><input type=\"hidden\" name=\"url_referer\" value=\"\"><button type=\"submit\" name=\"wpforms[submit]\" id=\"wpforms-submit-223\" class=\"wpforms-submit\" data-alt-text=\"Enviando...\" data-submit-text=\"Enviar\" aria-live=\"assertive\" value=\"wpforms-submit\">Enviar<\/button><img loading=\"lazy\" decoding=\"async\" src=\"https:\/\/multimarcars.com\/wp-content\/plugins\/wpforms-lite\/assets\/images\/submit-spin.svg\" class=\"wpforms-submit-spinner\" style=\"display: none;\" width=\"26\" height=\"26\" alt=\"Cargando\"><\/div><\/form><\/div>  <!-- .wpforms-container --><\/div>\n<\/main>\n<\/div>\n<\/div>\n<\/div>\n","protected":false},"excerpt":{"rendered":"<p>Soluciones integrales para transporte de carga y movilidad personal Para nosotros usted es lo m\u00e1s [&hellip;]<\/p>\n","protected":false},"author":1,"featured_media":344,"parent":0,"menu_order":0,"comment_status":"closed","ping_status":"closed","template":"","meta":{"footnotes":""},"class_list":["post-36","page","type-page","status-publish","has-post-thumbnail","hentry"],"_links":{"self":[{"href":"https:\/\/multimarcars.com\/index.php\/wp-json\/wp\/v2\/pages\/36","targetHints":{"allow":["GET"]}}],"collection":[{"href":"https:\/\/multimarcars.com\/index.php\/wp-json\/wp\/v2\/pages"}],"about":[{"href":"https:\/\/multimarcars.com\/index.php\/wp-json\/wp\/v2\/types\/page"}],"author":[{"embeddable":true,"href":"https:\/\/multimarcars.com\/index.php\/wp-json\/wp\/v2\/users\/1"}],"replies":[{"embeddable":true,"href":"https:\/\/multimarcars.com\/index.php\/wp-json\/wp\/v2\/comments?post=36"}],"version-history":[{"count":16,"href":"https:\/\/multimarcars.com\/index.php\/wp-json\/wp\/v2\/pages\/36\/revisions"}],"predecessor-version":[{"id":369,"href":"https:\/\/multimarcars.com\/index.php\/wp-json\/wp\/v2\/pages\/36\/revisions\/369"}],"wp:featuredmedia":[{"embeddable":true,"href":"https:\/\/multimarcars.com\/index.php\/wp-json\/wp\/v2\/media\/344"}],"wp:attachment":[{"href":"https:\/\/multimarcars.com\/index.php\/wp-json\/wp\/v2\/media?parent=36"}],"curies":[{"name":"wp","href":"https:\/\/api.w.org\/{rel}","templated":true}]}}