{"id":31,"date":"2025-06-17T07:29:57","date_gmt":"2025-06-17T12:29:57","guid":{"rendered":"https:\/\/multimarcars.com\/?page_id=31"},"modified":"2025-06-25T10:22:12","modified_gmt":"2025-06-25T15:22:12","slug":"servicios","status":"publish","type":"page","link":"https:\/\/multimarcars.com\/index.php\/servicios\/","title":{"rendered":"Servicios"},"content":{"rendered":"\n<div class=\"wp-block-cover main-banner-section wow zoomIn delay-1000\" style=\"min-height:339px;aspect-ratio:unset;\"><img fetchpriority=\"high\" decoding=\"async\" width=\"2560\" height=\"1709\" class=\"wp-block-cover__image-background wp-image-125 size-full\" alt=\"\" src=\"https:\/\/multimarcars.com\/wp-content\/uploads\/2025\/06\/grupo-de-camiones-estacionados-en-una-fila-scaled.jpg\" data-object-fit=\"cover\" srcset=\"https:\/\/multimarcars.com\/wp-content\/uploads\/2025\/06\/grupo-de-camiones-estacionados-en-una-fila-scaled.jpg 2560w, https:\/\/multimarcars.com\/wp-content\/uploads\/2025\/06\/grupo-de-camiones-estacionados-en-una-fila-300x200.jpg 300w, https:\/\/multimarcars.com\/wp-content\/uploads\/2025\/06\/grupo-de-camiones-estacionados-en-una-fila-1024x683.jpg 1024w, https:\/\/multimarcars.com\/wp-content\/uploads\/2025\/06\/grupo-de-camiones-estacionados-en-una-fila-768x513.jpg 768w, https:\/\/multimarcars.com\/wp-content\/uploads\/2025\/06\/grupo-de-camiones-estacionados-en-una-fila-1536x1025.jpg 1536w, https:\/\/multimarcars.com\/wp-content\/uploads\/2025\/06\/grupo-de-camiones-estacionados-en-una-fila-2048x1367.jpg 2048w\" sizes=\"(max-width: 2560px) 100vw, 2560px\" \/><span aria-hidden=\"true\" class=\"wp-block-cover__background has-black-background-color has-background-dim-60 has-background-dim\"><\/span><div class=\"wp-block-cover__inner-container is-layout-flow wp-block-cover-is-layout-flow\">\n<div class=\"wp-block-columns is-layout-flex wp-container-core-columns-is-layout-28f84493 wp-block-columns-is-layout-flex\">\n<div class=\"wp-block-column is-layout-flow wp-block-column-is-layout-flow\"><\/div>\n\n\n\n<div class=\"wp-block-column is-vertically-aligned-center is-layout-flow wp-block-column-is-layout-flow\" style=\"flex-basis:45%\">\n<h2 class=\"wp-block-heading has-text-align-center\" style=\"font-size:29px;text-transform:uppercase\">\ud83d\udee0\ufe0f Nuestros Servicios<\/h2>\n\n\n\n<figure class=\"wp-block-image aligncenter size-full\"><img decoding=\"async\" src=\"https:\/\/multimarcars.com\/wp-content\/themes\/auto-car-dealership\/images\/car-border1.png\" alt=\"\" class=\"wp-image-14\"\/><\/figure>\n\n\n\n<p class=\"has-text-align-center\" style=\"font-size:15px;line-height:1.5\">En <strong>MultimarCars<\/strong>, no solo te ayudamos a encontrar el veh\u00edculo ideal, tambi\u00e9n te acompa\u00f1amos en cada parte del proceso. Con atenci\u00f3n personalizada, soluciones a tu medida y un compromiso real con tu satisfacci\u00f3n, estos son los servicios que ponemos a tu alcance:<\/p>\n\n\n\n<div class=\"wp-block-buttons is-content-justification-center is-layout-flex wp-container-core-buttons-is-layout-a89b3969 wp-block-buttons-is-layout-flex\">\n<div class=\"wp-block-button\"><a class=\"wp-block-button__link has-text-color has-background wp-element-button\" href=\"https:\/\/api.whatsapp.com\/send\/?phone=573188928000&amp;text=Necesito%20asesoria%20personalizada%20&amp;type=phone_number&amp;app_absent=0\" style=\"border-radius:30px;color:var(--wp--preset--color--primary);background-color:var(--wp--preset--color--secondary)\">Solicitar asesor\u00eda<\/a><\/div>\n<\/div>\n<\/div>\n\n\n\n<div class=\"wp-block-column is-layout-flow wp-block-column-is-layout-flow\"><\/div>\n<\/div>\n<\/div><\/div>\n\n\n\n<div class=\"wp-block-columns is-layout-flex wp-container-core-columns-is-layout-28f84493 wp-block-columns-is-layout-flex\">\n<div class=\"wp-block-column is-layout-flow wp-block-column-is-layout-flow\">\n<figure class=\"wp-block-image aligncenter size-large is-resized\"><img decoding=\"async\" width=\"1024\" height=\"826\" src=\"https:\/\/multimarcars.com\/wp-content\/uploads\/2025\/06\/Screenshot-2025-06-17-074302-2-1024x826.png\" alt=\"\" class=\"wp-image-126\" style=\"width:193px;height:auto\" srcset=\"https:\/\/multimarcars.com\/wp-content\/uploads\/2025\/06\/Screenshot-2025-06-17-074302-2-1024x826.png 1024w, https:\/\/multimarcars.com\/wp-content\/uploads\/2025\/06\/Screenshot-2025-06-17-074302-2-300x242.png 300w, https:\/\/multimarcars.com\/wp-content\/uploads\/2025\/06\/Screenshot-2025-06-17-074302-2-768x619.png 768w, https:\/\/multimarcars.com\/wp-content\/uploads\/2025\/06\/Screenshot-2025-06-17-074302-2.png 1080w\" sizes=\"(max-width: 1024px) 100vw, 1024px\" \/><\/figure>\n\n\n\n<p class=\"has-text-align-center has-foreground-color has-text-color has-link-color wp-elements-33693b6f55b50f76726eb145326b4d21\"><strong><a href=\"https:\/\/multimarcars.com\/index.php\/camiones-vans-y-vehiculos-0km\/\" data-type=\"page\" data-id=\"33\">Camiones, Vans y Veh\u00edculos 0\u202fkm<\/a><\/strong><\/p>\n\n\n\n<p class=\"has-text-align-center\"><\/p>\n<\/div>\n\n\n\n<div class=\"wp-block-column is-layout-flow wp-block-column-is-layout-flow\">\n<figure class=\"wp-block-image aligncenter size-full is-resized\"><img decoding=\"async\" width=\"150\" height=\"150\" src=\"https:\/\/multimarcars.com\/wp-content\/uploads\/2025\/06\/image-9.png\" alt=\"\" class=\"wp-image-270\" style=\"width:150px;height:auto\"\/><\/figure>\n\n\n\n<p class=\"has-text-align-center has-foreground-color has-text-color has-link-color wp-elements-6986c7669847c2f91ad333e57301e9df\"><strong><a href=\"https:\/\/multimarcars.com\/index.php\/camiones-usados\/\" data-type=\"page\" data-id=\"170\">Camiones usados<\/a><\/strong><\/p>\n\n\n\n<p class=\"has-text-align-center\"><\/p>\n<\/div>\n\n\n\n<div class=\"wp-block-column is-layout-flow wp-block-column-is-layout-flow\">\n<figure class=\"wp-block-image aligncenter size-large is-resized\"><img loading=\"lazy\" decoding=\"async\" width=\"1024\" height=\"752\" src=\"https:\/\/multimarcars.com\/wp-content\/uploads\/2025\/06\/Screenshot-2025-06-17-074413-1-1024x752.png\" alt=\"\" class=\"wp-image-129\" style=\"width:207px;height:auto\" srcset=\"https:\/\/multimarcars.com\/wp-content\/uploads\/2025\/06\/Screenshot-2025-06-17-074413-1-1024x752.png 1024w, https:\/\/multimarcars.com\/wp-content\/uploads\/2025\/06\/Screenshot-2025-06-17-074413-1-300x220.png 300w, https:\/\/multimarcars.com\/wp-content\/uploads\/2025\/06\/Screenshot-2025-06-17-074413-1-768x564.png 768w, https:\/\/multimarcars.com\/wp-content\/uploads\/2025\/06\/Screenshot-2025-06-17-074413-1.png 1080w\" sizes=\"(max-width: 1024px) 100vw, 1024px\" \/><\/figure>\n\n\n\n<p class=\"has-text-align-center has-foreground-color has-text-color has-link-color wp-elements-9d9ebbfe2523be4e1a741b8a5e9b6d07\"><strong><strong><a href=\"https:\/\/multimarcars.com\/index.php\/vehiculos-usados\/\" data-type=\"page\" data-id=\"172\">Veh\u00edculos usados<\/a><\/strong><\/strong><\/p>\n\n\n\n<p class=\"has-text-align-center\"><\/p>\n<\/div>\n<\/div>\n\n\n\n<div class=\"wp-block-columns is-layout-flex wp-container-core-columns-is-layout-28f84493 wp-block-columns-is-layout-flex\">\n<div class=\"wp-block-column is-layout-flow wp-block-column-is-layout-flow\">\n<figure class=\"wp-block-image aligncenter size-full is-resized\"><img loading=\"lazy\" decoding=\"async\" width=\"125\" height=\"125\" src=\"https:\/\/multimarcars.com\/wp-content\/uploads\/2025\/06\/image-10.png\" alt=\"\" class=\"wp-image-271\" style=\"width:85px;height:auto\"\/><\/figure>\n\n\n\n<p class=\"has-text-align-center has-foreground-color has-text-color has-link-color wp-elements-b0972be9b67c78a86f52c78ca471e5a3\"><a href=\"https:\/\/multimarcars.com\/index.php\/creditos-polizas-y-tramites\/\" data-type=\"page\" data-id=\"174\"><strong>Cr\u00e9ditos, P\u00f3lizas y Tramites<\/strong><\/a><\/p>\n\n\n\n<p class=\"has-text-align-center\"><\/p>\n<\/div>\n\n\n\n<div class=\"wp-block-column is-layout-flow wp-block-column-is-layout-flow\">\n<figure class=\"wp-block-image aligncenter size-full\"><img loading=\"lazy\" decoding=\"async\" width=\"151\" height=\"89\" src=\"https:\/\/multimarcars.com\/wp-content\/uploads\/2025\/06\/image-11.png\" alt=\"\" class=\"wp-image-272\"\/><\/figure>\n\n\n\n<p class=\"has-text-align-center has-foreground-color has-text-color has-link-color wp-elements-96bfc0076abb6c4b27db8ac69f8e15db\"><strong><a href=\"https:\/\/multimarcars.com\/index.php\/carrocerias\/\" data-type=\"page\" data-id=\"232\">Carrocer\u00edas<\/a><\/strong><\/p>\n\n\n\n<p class=\"has-text-align-center\"><\/p>\n<\/div>\n\n\n\n<div class=\"wp-block-column is-layout-flow wp-block-column-is-layout-flow\">\n<figure class=\"wp-block-image aligncenter size-full is-resized\"><img loading=\"lazy\" decoding=\"async\" width=\"326\" height=\"302\" src=\"https:\/\/multimarcars.com\/wp-content\/uploads\/2025\/06\/Screenshot-2025-06-17-074448-2.png\" alt=\"\" class=\"wp-image-274\" style=\"width:101px;height:auto\" srcset=\"https:\/\/multimarcars.com\/wp-content\/uploads\/2025\/06\/Screenshot-2025-06-17-074448-2.png 326w, https:\/\/multimarcars.com\/wp-content\/uploads\/2025\/06\/Screenshot-2025-06-17-074448-2-300x278.png 300w\" sizes=\"(max-width: 326px) 100vw, 326px\" \/><\/figure>\n\n\n\n<p class=\"has-text-align-center has-foreground-color has-text-color has-link-color wp-elements-d87f5b5b41228574d7d5b88efcf555aa\"><a href=\"https:\/\/multimarcars.com\/index.php\/quieres-vender-tu-vehiculo\/\" data-type=\"page\" data-id=\"176\"><strong>\u00bfQuieres vender tu veh\u00edculo?<\/strong><\/a><\/p>\n\n\n\n<p class=\"has-text-align-center\"><\/p>\n<\/div>\n<\/div>\n\n\n\n<p class=\"has-text-align-center\"><strong>En MultimarCars, m\u00e1s que un servicio, te damos una experiencia segura y cercana para que cumplas ese sue\u00f1o sobre ruedas.<\/strong><\/p>\n","protected":false},"excerpt":{"rendered":"<p>Camiones, Vans y Veh\u00edculos 0\u202fkm Camiones usados Veh\u00edculos usados Cr\u00e9ditos, P\u00f3lizas y Tramites Carrocer\u00edas \u00bfQuieres [&hellip;]<\/p>\n","protected":false},"author":1,"featured_media":0,"parent":0,"menu_order":0,"comment_status":"closed","ping_status":"closed","template":"","meta":{"footnotes":""},"class_list":["post-31","page","type-page","status-publish","hentry"],"_links":{"self":[{"href":"https:\/\/multimarcars.com\/index.php\/wp-json\/wp\/v2\/pages\/31","targetHints":{"allow":["GET"]}}],"collection":[{"href":"https:\/\/multimarcars.com\/index.php\/wp-json\/wp\/v2\/pages"}],"about":[{"href":"https:\/\/multimarcars.com\/index.php\/wp-json\/wp\/v2\/types\/page"}],"author":[{"embeddable":true,"href":"https:\/\/multimarcars.com\/index.php\/wp-json\/wp\/v2\/users\/1"}],"replies":[{"embeddable":true,"href":"https:\/\/multimarcars.com\/index.php\/wp-json\/wp\/v2\/comments?post=31"}],"version-history":[{"count":12,"href":"https:\/\/multimarcars.com\/index.php\/wp-json\/wp\/v2\/pages\/31\/revisions"}],"predecessor-version":[{"id":467,"href":"https:\/\/multimarcars.com\/index.php\/wp-json\/wp\/v2\/pages\/31\/revisions\/467"}],"wp:attachment":[{"href":"https:\/\/multimarcars.com\/index.php\/wp-json\/wp\/v2\/media?parent=31"}],"curies":[{"name":"wp","href":"https:\/\/api.w.org\/{rel}","templated":true}]}}