{"id":29,"date":"2025-06-17T07:29:35","date_gmt":"2025-06-17T12:29:35","guid":{"rendered":"https:\/\/multimarcars.com\/?page_id=29"},"modified":"2025-09-22T18:33:34","modified_gmt":"2025-09-22T23:33:34","slug":"quienes-somos","status":"publish","type":"page","link":"https:\/\/multimarcars.com\/index.php\/quienes-somos\/","title":{"rendered":"Quienes Somos"},"content":{"rendered":"\n<div class=\"wp-block-columns is-layout-flex wp-container-core-columns-is-layout-b653aba5 wp-block-columns-is-layout-flex\" style=\"padding-top:var(--wp--preset--spacing--50);padding-right:var(--wp--preset--spacing--50);padding-bottom:var(--wp--preset--spacing--50);padding-left:var(--wp--preset--spacing--50)\">\n<div class=\"wp-block-column is-layout-flow wp-block-column-is-layout-flow\" style=\"flex-basis:66.67%\">\n<figure class=\"wp-block-image size-large\"><img fetchpriority=\"high\" decoding=\"async\" width=\"1024\" height=\"576\" src=\"https:\/\/multimarcars.com\/wp-content\/uploads\/2025\/06\/WhatsApp-Image-2025-06-21-at-10.07.03-PM-2-3-1024x576.jpeg\" alt=\"\" class=\"wp-image-495\" srcset=\"https:\/\/multimarcars.com\/wp-content\/uploads\/2025\/06\/WhatsApp-Image-2025-06-21-at-10.07.03-PM-2-3-1024x576.jpeg 1024w, https:\/\/multimarcars.com\/wp-content\/uploads\/2025\/06\/WhatsApp-Image-2025-06-21-at-10.07.03-PM-2-3-300x169.jpeg 300w, https:\/\/multimarcars.com\/wp-content\/uploads\/2025\/06\/WhatsApp-Image-2025-06-21-at-10.07.03-PM-2-3-768x432.jpeg 768w, https:\/\/multimarcars.com\/wp-content\/uploads\/2025\/06\/WhatsApp-Image-2025-06-21-at-10.07.03-PM-2-3.jpeg 1280w\" sizes=\"(max-width: 1024px) 100vw, 1024px\" \/><\/figure>\n<\/div>\n\n\n\n<div class=\"wp-block-column is-vertically-aligned-center is-layout-flow wp-block-column-is-layout-flow\" style=\"flex-basis:33.33%\">\n<p class=\"has-text-align-center has-primary-color has-text-color has-link-color has-montserrat-font-family wp-elements-92fe0909f2fe625073ad969b203eddab\"><strong>NOSOTROS<\/strong><\/p>\n\n\n\n<p class=\"has-text-align-center has-primary-color has-background-background-color has-text-color has-background has-link-color has-lato-font-family wp-elements-966655a312784645728e9c75e3cd055b\"><em>En MultimarCars no solo vendemos veh\u00edculos, ayudamos a transportadores, familias y emprendedores a crecer con seguridad y confianza.<\/em><\/p>\n\n\n\n<div class=\"wp-block-columns is-layout-flex wp-container-core-columns-is-layout-28f84493 wp-block-columns-is-layout-flex\">\n<div class=\"wp-block-column is-layout-flow wp-block-column-is-layout-flow\">\n<figure class=\"wp-block-image aligncenter size-full is-resized\"><img decoding=\"async\" width=\"512\" height=\"512\" src=\"https:\/\/multimarcars.com\/wp-content\/uploads\/2025\/09\/confianza-en-si-mismo.png\" alt=\"\" class=\"wp-image-636\" style=\"width:55px;height:auto\" srcset=\"https:\/\/multimarcars.com\/wp-content\/uploads\/2025\/09\/confianza-en-si-mismo.png 512w, https:\/\/multimarcars.com\/wp-content\/uploads\/2025\/09\/confianza-en-si-mismo-300x300.png 300w, https:\/\/multimarcars.com\/wp-content\/uploads\/2025\/09\/confianza-en-si-mismo-150x150.png 150w\" sizes=\"(max-width: 512px) 100vw, 512px\" \/><\/figure>\n<\/div>\n\n\n\n<div class=\"wp-block-column is-layout-flow wp-block-column-is-layout-flow\">\n<figure class=\"wp-block-image aligncenter size-full is-resized\"><img decoding=\"async\" width=\"512\" height=\"512\" src=\"https:\/\/multimarcars.com\/wp-content\/uploads\/2025\/09\/ahorrar-dinero.png\" alt=\"\" class=\"wp-image-634\" style=\"width:55px;height:auto\" srcset=\"https:\/\/multimarcars.com\/wp-content\/uploads\/2025\/09\/ahorrar-dinero.png 512w, https:\/\/multimarcars.com\/wp-content\/uploads\/2025\/09\/ahorrar-dinero-300x300.png 300w, https:\/\/multimarcars.com\/wp-content\/uploads\/2025\/09\/ahorrar-dinero-150x150.png 150w\" sizes=\"(max-width: 512px) 100vw, 512px\" \/><\/figure>\n<\/div>\n\n\n\n<div class=\"wp-block-column is-layout-flow wp-block-column-is-layout-flow\">\n<figure class=\"wp-block-image aligncenter size-full is-resized\"><img loading=\"lazy\" decoding=\"async\" width=\"512\" height=\"512\" src=\"https:\/\/multimarcars.com\/wp-content\/uploads\/2025\/09\/apoyo-tecnico.png\" alt=\"\" class=\"wp-image-635\" style=\"width:56px;height:auto\" srcset=\"https:\/\/multimarcars.com\/wp-content\/uploads\/2025\/09\/apoyo-tecnico.png 512w, https:\/\/multimarcars.com\/wp-content\/uploads\/2025\/09\/apoyo-tecnico-300x300.png 300w, https:\/\/multimarcars.com\/wp-content\/uploads\/2025\/09\/apoyo-tecnico-150x150.png 150w\" sizes=\"(max-width: 512px) 100vw, 512px\" \/><\/figure>\n<\/div>\n<\/div>\n<\/div>\n<\/div>\n\n\n\n<div class=\"wp-block-buttons is-content-justification-center is-layout-flex wp-container-core-buttons-is-layout-a89b3969 wp-block-buttons-is-layout-flex\">\n<div class=\"wp-block-button\"><a class=\"wp-block-button__link has-border-color wp-element-button\" href=\"https:\/\/multimarcars.com\/index.php\/servicios\/\" style=\"border-color:#f5a623;border-width:2px;border-radius:42px;padding-top:var(--wp--preset--spacing--30);padding-right:var(--wp--preset--spacing--60);padding-bottom:var(--wp--preset--spacing--30);padding-left:var(--wp--preset--spacing--60)\">Con\u00f3cenos m\u00e1s<\/a><\/div>\n<\/div>\n\n\n\n<div class=\"wp-block-group alignfull has-base-2-background-color has-background is-layout-constrained wp-container-core-group-is-layout-669513ed wp-block-group-is-layout-constrained\" style=\"margin-top:0;margin-bottom:0;padding-top:var(--wp--preset--spacing--50);padding-right:var(--wp--preset--spacing--50);padding-bottom:var(--wp--preset--spacing--50);padding-left:var(--wp--preset--spacing--50)\">\n<div class=\"wp-block-media-text is-stacked-on-mobile\"><figure class=\"wp-block-media-text__media\"><img loading=\"lazy\" decoding=\"async\" width=\"800\" height=\"500\" src=\"https:\/\/multimarcars.com\/wp-content\/uploads\/2025\/06\/CHASIS-FRR-CABINA-EXTENDIDA-CHEVROLET.png\" alt=\"\" class=\"wp-image-116 size-full\" srcset=\"https:\/\/multimarcars.com\/wp-content\/uploads\/2025\/06\/CHASIS-FRR-CABINA-EXTENDIDA-CHEVROLET.png 800w, https:\/\/multimarcars.com\/wp-content\/uploads\/2025\/06\/CHASIS-FRR-CABINA-EXTENDIDA-CHEVROLET-300x188.png 300w, https:\/\/multimarcars.com\/wp-content\/uploads\/2025\/06\/CHASIS-FRR-CABINA-EXTENDIDA-CHEVROLET-768x480.png 768w\" sizes=\"(max-width: 800px) 100vw, 800px\" \/><\/figure><div class=\"wp-block-media-text__content\">\n<p class=\"has-foreground-color has-text-color has-link-color has-montserrat-font-family wp-elements-a890a83b6f4947c50e20b09406893a3a\"><strong>\u00bfQui\u00e9nes somos?<\/strong><\/p>\n\n\n\n<p class=\"has-poppins-font-family\">Somos una empresa especializada en la asesor\u00eda y venta de veh\u00edculos productivos y familiares multimarca en Colombia.<\/p>\n\n\n\n<p class=\"has-poppins-font-family\">Nuestro principal objetivo es ofrecer m\u00faltiples soluciones de transporte productivo y familiar para todas las necesidades y presupuestos de nuestros clientes.<\/p>\n\n\n\n<p class=\"has-poppins-font-family\">En un solo lugar reunimos una amplia selecci\u00f3n de veh\u00edculos productivos y familiares de las mejores marcas, junto con todos los tr\u00e1mites necesarios para su adquisici\u00f3n. As\u00ed, te ahorramos desplazamientos y b\u00fasquedas innecesarias, brind\u00e1ndote una experiencia \u00e1gil, pr\u00e1ctica y confiable.<\/p>\n<\/div><\/div>\n\n\n\n<div style=\"margin-top:0;margin-bottom:0;height:var(--wp--preset--spacing--40)\" aria-hidden=\"true\" class=\"wp-block-spacer\"><\/div>\n\n\n\n<div class=\"wp-block-columns alignwide is-layout-flex wp-container-core-columns-is-layout-d0bbbce0 wp-block-columns-is-layout-flex\">\n<div class=\"wp-block-column is-layout-flow wp-container-core-column-is-layout-e3d1c41b wp-block-column-is-layout-flow\">\n<div class=\"wp-block-columns is-layout-flex wp-container-core-columns-is-layout-28f84493 wp-block-columns-is-layout-flex\">\n<div class=\"wp-block-column is-layout-flow wp-block-column-is-layout-flow\">\n<p class=\"has-text-align-center has-montserrat-font-family\"><strong>Misi\u00f3n <\/strong><\/p>\n\n\n\n<p class=\"has-text-align-center has-poppins-font-family\">Ofrecer soluciones de transporte y movilidad confiables mediante la venta de camiones y veh\u00edculos, combinando asesor\u00eda personalizada, respaldo integral y un servicio de calidad, apoyados en herramientas digitales que faciliten la experiencia de nuestros clientes.<\/p>\n<\/div>\n\n\n\n<div class=\"wp-block-column is-layout-flow wp-block-column-is-layout-flow\">\n<p class=\"has-text-align-center has-montserrat-font-family\"><strong>Visi\u00f3n <\/strong><\/p>\n\n\n\n<p class=\"has-text-align-center has-poppins-font-family\">Ser una empresa l\u00edder y reconocida en la comercializaci\u00f3n de veh\u00edculos productivos y familiares, destacando por la confianza, el compromiso y la integraci\u00f3n de tecnolog\u00edas digitales que simplifiquen y optimicen cada etapa del proceso de compra.<\/p>\n<\/div>\n<\/div>\n\n\n\n<p><\/p>\n\n\n\n<div class=\"wp-block-media-text is-stacked-on-mobile\"><figure class=\"wp-block-media-text__media\"><img loading=\"lazy\" decoding=\"async\" width=\"800\" height=\"500\" src=\"https:\/\/multimarcars.com\/wp-content\/uploads\/2025\/06\/CHASIS-NHR-DOBLE-CABINA-CHEVROLET-1.png\" alt=\"\" class=\"wp-image-156 size-full\" srcset=\"https:\/\/multimarcars.com\/wp-content\/uploads\/2025\/06\/CHASIS-NHR-DOBLE-CABINA-CHEVROLET-1.png 800w, https:\/\/multimarcars.com\/wp-content\/uploads\/2025\/06\/CHASIS-NHR-DOBLE-CABINA-CHEVROLET-1-300x188.png 300w, https:\/\/multimarcars.com\/wp-content\/uploads\/2025\/06\/CHASIS-NHR-DOBLE-CABINA-CHEVROLET-1-768x480.png 768w\" sizes=\"(max-width: 800px) 100vw, 800px\" \/><\/figure><div class=\"wp-block-media-text__content\">\n<p class=\"has-text-align-center has-foreground-color has-text-color has-link-color has-montserrat-font-family wp-elements-dfc2348824c8dbf4404e2772b40327c7\"><strong><strong>Valores<\/strong><\/strong><\/p>\n\n\n\n<p class=\"has-text-align-left has-poppins-font-family\"><strong>Confianza:<\/strong> Generamos relaciones transparentes y honestas con cada cliente, porque entendemos que elegir un veh\u00edculo es una decisi\u00f3n importante.<\/p>\n\n\n\n<p class=\"has-text-align-left has-poppins-font-family\"><strong>Respaldo:<\/strong> Acompa\u00f1amos cada paso del proceso, ofreciendo soluciones seguras y asesor\u00eda especializada antes, durante y despu\u00e9s de la compra.<\/p>\n\n\n\n<p class=\"has-text-align-left has-poppins-font-family\"><strong>Calidad en el servicio:<\/strong> Brindamos atenci\u00f3n personalizada, eficiente y profesional, enfocada en superar tus expectativas.<\/p>\n\n\n\n<p class=\"has-text-align-left has-poppins-font-family\"><strong>Compromiso:<\/strong> Nos esforzamos cada d\u00eda para ofrecer veh\u00edculos que se ajusten a tus necesidades, cumpliendo lo que prometemos con responsabilidad.<\/p>\n\n\n\n<p class=\"has-text-align-left has-poppins-font-family\"><strong>Respeto:<\/strong> Escuchamos y valoramos a cada cliente, construyendo relaciones basadas en la cortes\u00eda, la empat\u00eda y el trato justo.<\/p>\n\n\n\n<p class=\"has-text-align-left\"><\/p>\n<\/div><\/div>\n<\/div>\n<\/div>\n\n\n\n<p><\/p>\n\n\n\n<div style=\"height:7px\" aria-hidden=\"true\" class=\"wp-block-spacer\"><\/div>\n<\/div>\n","protected":false},"excerpt":{"rendered":"<p>NOSOTROS En MultimarCars no solo vendemos veh\u00edculos, ayudamos a transportadores, familias y emprendedores a crecer [&hellip;]<\/p>\n","protected":false},"author":1,"featured_media":0,"parent":0,"menu_order":0,"comment_status":"closed","ping_status":"closed","template":"","meta":{"footnotes":""},"class_list":["post-29","page","type-page","status-publish","hentry"],"_links":{"self":[{"href":"https:\/\/multimarcars.com\/index.php\/wp-json\/wp\/v2\/pages\/29","targetHints":{"allow":["GET"]}}],"collection":[{"href":"https:\/\/multimarcars.com\/index.php\/wp-json\/wp\/v2\/pages"}],"about":[{"href":"https:\/\/multimarcars.com\/index.php\/wp-json\/wp\/v2\/types\/page"}],"author":[{"embeddable":true,"href":"https:\/\/multimarcars.com\/index.php\/wp-json\/wp\/v2\/users\/1"}],"replies":[{"embeddable":true,"href":"https:\/\/multimarcars.com\/index.php\/wp-json\/wp\/v2\/comments?post=29"}],"version-history":[{"count":31,"href":"https:\/\/multimarcars.com\/index.php\/wp-json\/wp\/v2\/pages\/29\/revisions"}],"predecessor-version":[{"id":663,"href":"https:\/\/multimarcars.com\/index.php\/wp-json\/wp\/v2\/pages\/29\/revisions\/663"}],"wp:attachment":[{"href":"https:\/\/multimarcars.com\/index.php\/wp-json\/wp\/v2\/media?parent=29"}],"curies":[{"name":"wp","href":"https:\/\/api.w.org\/{rel}","templated":true}]}}