{"id":232,"date":"2025-06-20T09:42:37","date_gmt":"2025-06-20T14:42:37","guid":{"rendered":"https:\/\/multimarcars.com\/?page_id=232"},"modified":"2025-09-22T18:27:13","modified_gmt":"2025-09-22T23:27:13","slug":"carrocerias","status":"publish","type":"page","link":"https:\/\/multimarcars.com\/index.php\/carrocerias\/","title":{"rendered":"Carrocer\u00edas"},"content":{"rendered":"\n<div class=\"wp-block-media-text is-stacked-on-mobile\"><figure class=\"wp-block-media-text__media\"><img fetchpriority=\"high\" decoding=\"async\" width=\"1024\" height=\"682\" src=\"https:\/\/multimarcars.com\/wp-content\/uploads\/2025\/06\/Pegatina-Rectangulo-Negocio-Etiqueta-Rustico-Hojas-Verde-8-2-1024x682.png\" alt=\"\" class=\"wp-image-450 size-full\" srcset=\"https:\/\/multimarcars.com\/wp-content\/uploads\/2025\/06\/Pegatina-Rectangulo-Negocio-Etiqueta-Rustico-Hojas-Verde-8-2-1024x682.png 1024w, https:\/\/multimarcars.com\/wp-content\/uploads\/2025\/06\/Pegatina-Rectangulo-Negocio-Etiqueta-Rustico-Hojas-Verde-8-2-300x200.png 300w, https:\/\/multimarcars.com\/wp-content\/uploads\/2025\/06\/Pegatina-Rectangulo-Negocio-Etiqueta-Rustico-Hojas-Verde-8-2-768x512.png 768w, https:\/\/multimarcars.com\/wp-content\/uploads\/2025\/06\/Pegatina-Rectangulo-Negocio-Etiqueta-Rustico-Hojas-Verde-8-2-1536x1024.png 1536w, https:\/\/multimarcars.com\/wp-content\/uploads\/2025\/06\/Pegatina-Rectangulo-Negocio-Etiqueta-Rustico-Hojas-Verde-8-2.png 1772w\" sizes=\"(max-width: 1024px) 100vw, 1024px\" \/><\/figure><div class=\"wp-block-media-text__content\">\n<p class=\"has-primary-color has-text-color has-link-color has-montserrat-font-family wp-elements-90789a081b723b6080eb1ae4a6536030\" style=\"font-size:26px\"><strong>\ud83d\udd27 Carrocer\u00edas de Alta Calidad: Aliados que hacen la diferencia<\/strong><\/p>\n\n\n\n<p class=\"has-montserrat-font-family\" style=\"font-size:14px\">Contamos con <strong>aliados especializados en carrocer\u00edas de alta calidad<\/strong>, comprometidos con la excelencia, la seguridad y la puntualidad en cada entrega.<\/p>\n\n\n\n<p class=\"has-montserrat-font-family\" style=\"font-size:14px\">Trabajamos con talleres certificados que cumplen con <strong>normativas t\u00e9cnicas y est\u00e1ndares de fabricaci\u00f3n<\/strong>, utilizando materiales resistentes y acabados profesionales.<br>Ya sea para carrocer\u00edas tipo <strong>furg\u00f3n, estacas, refrigeradas, gruas, planch\u00f3n<\/strong>, o <strong>personalizadas<\/strong>, garantizamos:<\/p>\n\n\n\n<p class=\"has-montserrat-font-family\" style=\"font-size:14px;line-height:1\">\u2022<strong>Dise\u00f1o funcional y adaptado a tus necesidades operativas<\/strong><\/p>\n\n\n\n<p class=\"has-montserrat-font-family\" style=\"font-size:14px;line-height:1\">\u2022<strong> Cumplimiento con la normatividad vigente<\/strong> para veh\u00edculos de carga y transporte<\/p>\n\n\n\n<p class=\"has-montserrat-font-family\" style=\"font-size:14px;line-height:1\">\u2022<strong> Soldaduras, pintura y acabados profesionales<\/strong><\/p>\n\n\n\n<p class=\"has-montserrat-font-family\" style=\"font-size:14px;line-height:1\">\u2022<strong> Entrega puntual<\/strong> y con respaldo posventa<\/p>\n\n\n\n<p class=\"has-montserrat-font-family\" style=\"font-size:14px;line-height:1\">\u2022<strong> Asesor\u00eda t\u00e9cnica especializada<\/strong> desde el primer contacto<\/p>\n\n\n\n<p><\/p>\n<\/div><\/div>\n\n\n\n<p class=\"has-text-align-center has-montserrat-font-family\" style=\"font-size:17px\"><strong>Estacas: <\/strong>Fabricada en madera y acero estructural de alta resistencia, esta carrocer\u00eda combina ligereza con una durabilidad excepcional.<br>Su dise\u00f1o robusto la hace <strong>ideal para el transporte de animales y agr\u00edcolas<\/strong>, ofreciendo eficiencia sin sacrificar resistencia.<\/p>\n\n\n\n<div class=\"wp-block-columns is-layout-flex wp-container-core-columns-is-layout-28f84493 wp-block-columns-is-layout-flex\">\n<div class=\"wp-block-column is-layout-flow wp-block-column-is-layout-flow\">\n<figure class=\"wp-block-image aligncenter size-full is-resized\"><img decoding=\"async\" width=\"500\" height=\"500\" src=\"https:\/\/multimarcars.com\/wp-content\/uploads\/2025\/06\/Logotipo-para-Marcas-en-Beige-10.png\" alt=\"\" class=\"wp-image-511\" style=\"width:382px;height:auto\" srcset=\"https:\/\/multimarcars.com\/wp-content\/uploads\/2025\/06\/Logotipo-para-Marcas-en-Beige-10.png 500w, https:\/\/multimarcars.com\/wp-content\/uploads\/2025\/06\/Logotipo-para-Marcas-en-Beige-10-300x300.png 300w, https:\/\/multimarcars.com\/wp-content\/uploads\/2025\/06\/Logotipo-para-Marcas-en-Beige-10-150x150.png 150w\" sizes=\"(max-width: 500px) 100vw, 500px\" \/><\/figure>\n<\/div>\n\n\n\n<div class=\"wp-block-column is-layout-flow wp-block-column-is-layout-flow\">\n<figure class=\"wp-block-image aligncenter size-full is-resized\"><img decoding=\"async\" width=\"500\" height=\"500\" src=\"https:\/\/multimarcars.com\/wp-content\/uploads\/2025\/06\/Logotipo-para-Marcas-en-Beige-9.png\" alt=\"\" class=\"wp-image-512\" style=\"width:376px;height:auto\" srcset=\"https:\/\/multimarcars.com\/wp-content\/uploads\/2025\/06\/Logotipo-para-Marcas-en-Beige-9.png 500w, https:\/\/multimarcars.com\/wp-content\/uploads\/2025\/06\/Logotipo-para-Marcas-en-Beige-9-300x300.png 300w, https:\/\/multimarcars.com\/wp-content\/uploads\/2025\/06\/Logotipo-para-Marcas-en-Beige-9-150x150.png 150w\" sizes=\"(max-width: 500px) 100vw, 500px\" \/><\/figure>\n<\/div>\n\n\n\n<div class=\"wp-block-column is-layout-flow wp-block-column-is-layout-flow\">\n<figure class=\"wp-block-image aligncenter size-full is-resized\"><img loading=\"lazy\" decoding=\"async\" width=\"500\" height=\"500\" src=\"https:\/\/multimarcars.com\/wp-content\/uploads\/2025\/06\/Logotipo-para-Marcas-en-Beige-8.png\" alt=\"\" class=\"wp-image-513\" style=\"width:376px;height:auto\" srcset=\"https:\/\/multimarcars.com\/wp-content\/uploads\/2025\/06\/Logotipo-para-Marcas-en-Beige-8.png 500w, https:\/\/multimarcars.com\/wp-content\/uploads\/2025\/06\/Logotipo-para-Marcas-en-Beige-8-300x300.png 300w, https:\/\/multimarcars.com\/wp-content\/uploads\/2025\/06\/Logotipo-para-Marcas-en-Beige-8-150x150.png 150w\" sizes=\"(max-width: 500px) 100vw, 500px\" \/><\/figure>\n<\/div>\n<\/div>\n\n\n\n<p class=\"has-text-align-center has-montserrat-font-family\" style=\"font-size:17px\"><strong>Furg\u00f3n Carga seca <\/strong>: Dise\u00f1o inteligente, resistencia comprobada, desarrollado por ingenieros y fabricado en acero estructural de alta resistencia, este modelo es liviano, duradero e incre\u00edblemente resistente. Destaca por su versatilidad, impermeabilidad y dise\u00f1o funcional, <strong>ideal para el transporte de cajas, bultos, canecas y m\u00e1s.<br><\/strong><\/p>\n\n\n\n<div class=\"wp-block-columns is-layout-flex wp-container-core-columns-is-layout-28f84493 wp-block-columns-is-layout-flex\">\n<div class=\"wp-block-column is-layout-flow wp-block-column-is-layout-flow\">\n<figure class=\"wp-block-image aligncenter size-full is-resized\"><img loading=\"lazy\" decoding=\"async\" width=\"500\" height=\"500\" src=\"https:\/\/multimarcars.com\/wp-content\/uploads\/2025\/06\/Logotipo-para-Marcas-en-Beige-7.png\" alt=\"\" class=\"wp-image-515\" style=\"width:386px;height:auto\" srcset=\"https:\/\/multimarcars.com\/wp-content\/uploads\/2025\/06\/Logotipo-para-Marcas-en-Beige-7.png 500w, https:\/\/multimarcars.com\/wp-content\/uploads\/2025\/06\/Logotipo-para-Marcas-en-Beige-7-300x300.png 300w, https:\/\/multimarcars.com\/wp-content\/uploads\/2025\/06\/Logotipo-para-Marcas-en-Beige-7-150x150.png 150w\" sizes=\"(max-width: 500px) 100vw, 500px\" \/><\/figure>\n<\/div>\n\n\n\n<div class=\"wp-block-column is-layout-flow wp-block-column-is-layout-flow\">\n<figure class=\"wp-block-image aligncenter size-full is-resized\"><img loading=\"lazy\" decoding=\"async\" width=\"500\" height=\"500\" src=\"https:\/\/multimarcars.com\/wp-content\/uploads\/2025\/06\/Logotipo-para-Marcas-en-Beige-5.png\" alt=\"\" class=\"wp-image-516\" style=\"width:381px;height:auto\" srcset=\"https:\/\/multimarcars.com\/wp-content\/uploads\/2025\/06\/Logotipo-para-Marcas-en-Beige-5.png 500w, https:\/\/multimarcars.com\/wp-content\/uploads\/2025\/06\/Logotipo-para-Marcas-en-Beige-5-300x300.png 300w, https:\/\/multimarcars.com\/wp-content\/uploads\/2025\/06\/Logotipo-para-Marcas-en-Beige-5-150x150.png 150w\" sizes=\"(max-width: 500px) 100vw, 500px\" \/><\/figure>\n<\/div>\n\n\n\n<div class=\"wp-block-column is-layout-flow wp-block-column-is-layout-flow\">\n<figure class=\"wp-block-image aligncenter size-full is-resized\"><img loading=\"lazy\" decoding=\"async\" width=\"500\" height=\"500\" src=\"https:\/\/multimarcars.com\/wp-content\/uploads\/2025\/06\/Logotipo-para-Marcas-en-Beige-6.png\" alt=\"\" class=\"wp-image-517\" style=\"width:373px;height:auto\" srcset=\"https:\/\/multimarcars.com\/wp-content\/uploads\/2025\/06\/Logotipo-para-Marcas-en-Beige-6.png 500w, https:\/\/multimarcars.com\/wp-content\/uploads\/2025\/06\/Logotipo-para-Marcas-en-Beige-6-300x300.png 300w, https:\/\/multimarcars.com\/wp-content\/uploads\/2025\/06\/Logotipo-para-Marcas-en-Beige-6-150x150.png 150w\" sizes=\"(max-width: 500px) 100vw, 500px\" \/><\/figure>\n<\/div>\n<\/div>\n\n\n\n<p class=\"has-text-align-center\"><strong>Furg\u00f3n refrigerado: <\/strong>Dise\u00f1ado con tecnolog\u00eda de alto nivel, nuestro furg\u00f3n tipo americano garantiza un aislamiento t\u00e9rmico superior, minimizando al m\u00e1ximo los puentes t\u00e9rmicos y evitando p\u00e9rdidas de temperatura. Su estructura robusta y eficiente asegura una conservaci\u00f3n \u00f3ptima de la cadena de fr\u00edo, incluso en condiciones exigentes, lo que lo convierte en la mejor opci\u00f3n para el transporte de productos refrigerados y congelados.<\/p>\n\n\n\n<div class=\"wp-block-columns is-layout-flex wp-container-core-columns-is-layout-28f84493 wp-block-columns-is-layout-flex\">\n<div class=\"wp-block-column is-layout-flow wp-block-column-is-layout-flow\">\n<figure class=\"wp-block-image aligncenter size-full is-resized\"><img loading=\"lazy\" decoding=\"async\" width=\"500\" height=\"500\" src=\"https:\/\/multimarcars.com\/wp-content\/uploads\/2025\/06\/Logotipo-para-Marcas-en-Beige-14.png\" alt=\"\" class=\"wp-image-529\" style=\"width:359px;height:auto\" srcset=\"https:\/\/multimarcars.com\/wp-content\/uploads\/2025\/06\/Logotipo-para-Marcas-en-Beige-14.png 500w, https:\/\/multimarcars.com\/wp-content\/uploads\/2025\/06\/Logotipo-para-Marcas-en-Beige-14-300x300.png 300w, https:\/\/multimarcars.com\/wp-content\/uploads\/2025\/06\/Logotipo-para-Marcas-en-Beige-14-150x150.png 150w\" sizes=\"(max-width: 500px) 100vw, 500px\" \/><\/figure>\n<\/div>\n\n\n\n<div class=\"wp-block-column is-layout-flow wp-block-column-is-layout-flow\">\n<figure class=\"wp-block-image aligncenter size-full is-resized\"><img loading=\"lazy\" decoding=\"async\" width=\"500\" height=\"500\" src=\"https:\/\/multimarcars.com\/wp-content\/uploads\/2025\/06\/Logotipo-para-Marcas-en-Beige-15.png\" alt=\"\" class=\"wp-image-530\" style=\"width:361px;height:auto\" srcset=\"https:\/\/multimarcars.com\/wp-content\/uploads\/2025\/06\/Logotipo-para-Marcas-en-Beige-15.png 500w, https:\/\/multimarcars.com\/wp-content\/uploads\/2025\/06\/Logotipo-para-Marcas-en-Beige-15-300x300.png 300w, https:\/\/multimarcars.com\/wp-content\/uploads\/2025\/06\/Logotipo-para-Marcas-en-Beige-15-150x150.png 150w\" sizes=\"(max-width: 500px) 100vw, 500px\" \/><\/figure>\n<\/div>\n\n\n\n<div class=\"wp-block-column is-layout-flow wp-block-column-is-layout-flow\">\n<figure class=\"wp-block-image aligncenter size-full is-resized\"><img loading=\"lazy\" decoding=\"async\" width=\"500\" height=\"500\" src=\"https:\/\/multimarcars.com\/wp-content\/uploads\/2025\/06\/Logotipo-para-Marcas-en-Beige-16.png\" alt=\"\" class=\"wp-image-531\" style=\"width:360px;height:auto\" srcset=\"https:\/\/multimarcars.com\/wp-content\/uploads\/2025\/06\/Logotipo-para-Marcas-en-Beige-16.png 500w, https:\/\/multimarcars.com\/wp-content\/uploads\/2025\/06\/Logotipo-para-Marcas-en-Beige-16-300x300.png 300w, https:\/\/multimarcars.com\/wp-content\/uploads\/2025\/06\/Logotipo-para-Marcas-en-Beige-16-150x150.png 150w\" sizes=\"(max-width: 500px) 100vw, 500px\" \/><\/figure>\n<\/div>\n<\/div>\n\n\n\n<div class=\"wp-block-columns is-layout-flex wp-container-core-columns-is-layout-28f84493 wp-block-columns-is-layout-flex\">\n<div class=\"wp-block-column is-layout-flow wp-block-column-is-layout-flow\">\n<figure class=\"wp-block-image size-full is-resized\"><img loading=\"lazy\" decoding=\"async\" width=\"434\" height=\"235\" src=\"https:\/\/multimarcars.com\/wp-content\/uploads\/2025\/06\/image-72.png\" alt=\"\" class=\"wp-image-491\" style=\"width:645px;height:auto\" srcset=\"https:\/\/multimarcars.com\/wp-content\/uploads\/2025\/06\/image-72.png 434w, https:\/\/multimarcars.com\/wp-content\/uploads\/2025\/06\/image-72-300x162.png 300w\" sizes=\"(max-width: 434px) 100vw, 434px\" \/><\/figure>\n\n\n\n<figure class=\"wp-block-image size-full is-resized\"><img loading=\"lazy\" decoding=\"async\" width=\"446\" height=\"241\" src=\"https:\/\/multimarcars.com\/wp-content\/uploads\/2025\/06\/image-71.png\" alt=\"\" class=\"wp-image-490\" style=\"width:674px;height:auto\" srcset=\"https:\/\/multimarcars.com\/wp-content\/uploads\/2025\/06\/image-71.png 446w, https:\/\/multimarcars.com\/wp-content\/uploads\/2025\/06\/image-71-300x162.png 300w\" sizes=\"(max-width: 446px) 100vw, 446px\" \/><\/figure>\n<\/div>\n\n\n\n<div class=\"wp-block-column is-layout-flow wp-block-column-is-layout-flow\">\n<p><strong>Gr\u00faa: D<\/strong>ise\u00f1ada para brindar maniobrabilidad, resistencia y seguridad en operaciones de rescate y transporte de veh\u00edculos.<br>Construida con materiales de alta resistencia estructural, permite un funcionamiento eficiente, estable y confiable.<br>\ud83d\udee0\ufe0f Equipada con sistema hidr\u00e1ulico de \u00faltima generaci\u00f3n y plataformas adaptables seg\u00fan la necesidad.<br>\u2705 <strong>Ideal para empresas de asistencia, patios, aseguradoras y flotas de servicio.<\/strong><\/p>\n\n\n\n<p><strong>Planch\u00f3n: <\/strong>Dise\u00f1ada para el transporte de vol\u00famenes grandes y cargas pesadas, nuestra carrocer\u00eda tipo planch\u00f3n ofrece amplitud, resistencia y facilidad de carga.<br>Construida en acero estructural reforzado, permite operar con seguridad y eficiencia en terrenos exigentes.<br>\u2705 <strong>Ideal para maquinaria, materiales industriales, estructuras y todo tipo de carga pesada<\/strong>.<br>\ud83d\udd27 Personalizable seg\u00fan el largo y tipo de carga.<\/p>\n\n\n\n<p>Porque en <strong>MultimarCars<\/strong>, no solo vendemos veh\u00edculos, entendemos tu operaci\u00f3n, te ofrecemos soluciones personalizadas, resistentes y listas para trabajar sin demoras, con el respaldo de aliados expertos y calidad garantizada.<\/p>\n\n\n\n<figure class=\"wp-block-image aligncenter size-full is-resized\"><a href=\"https:\/\/w.app\/multimarcars_asesoria\"><img loading=\"lazy\" decoding=\"async\" width=\"496\" height=\"87\" src=\"https:\/\/multimarcars.com\/wp-content\/uploads\/2025\/06\/image-73.png\" alt=\"\" class=\"wp-image-492\" style=\"width:234px;height:auto\" srcset=\"https:\/\/multimarcars.com\/wp-content\/uploads\/2025\/06\/image-73.png 496w, https:\/\/multimarcars.com\/wp-content\/uploads\/2025\/06\/image-73-300x53.png 300w\" sizes=\"(max-width: 496px) 100vw, 496px\" \/><\/a><\/figure>\n<\/div>\n<\/div>\n\n\n\n<p><\/p>\n","protected":false},"excerpt":{"rendered":"<p>\ud83d\udd27 Carrocer\u00edas de Alta Calidad: Aliados que hacen la diferencia Contamos con aliados especializados en [&hellip;]<\/p>\n","protected":false},"author":1,"featured_media":0,"parent":0,"menu_order":0,"comment_status":"closed","ping_status":"closed","template":"","meta":{"footnotes":""},"class_list":["post-232","page","type-page","status-publish","hentry"],"_links":{"self":[{"href":"https:\/\/multimarcars.com\/index.php\/wp-json\/wp\/v2\/pages\/232","targetHints":{"allow":["GET"]}}],"collection":[{"href":"https:\/\/multimarcars.com\/index.php\/wp-json\/wp\/v2\/pages"}],"about":[{"href":"https:\/\/multimarcars.com\/index.php\/wp-json\/wp\/v2\/types\/page"}],"author":[{"embeddable":true,"href":"https:\/\/multimarcars.com\/index.php\/wp-json\/wp\/v2\/users\/1"}],"replies":[{"embeddable":true,"href":"https:\/\/multimarcars.com\/index.php\/wp-json\/wp\/v2\/comments?post=232"}],"version-history":[{"count":11,"href":"https:\/\/multimarcars.com\/index.php\/wp-json\/wp\/v2\/pages\/232\/revisions"}],"predecessor-version":[{"id":661,"href":"https:\/\/multimarcars.com\/index.php\/wp-json\/wp\/v2\/pages\/232\/revisions\/661"}],"wp:attachment":[{"href":"https:\/\/multimarcars.com\/index.php\/wp-json\/wp\/v2\/media?parent=232"}],"curies":[{"name":"wp","href":"https:\/\/api.w.org\/{rel}","templated":true}]}}