{"id":174,"date":"2025-06-20T08:11:31","date_gmt":"2025-06-20T13:11:31","guid":{"rendered":"https:\/\/multimarcars.com\/?page_id=174"},"modified":"2025-07-02T11:31:22","modified_gmt":"2025-07-02T16:31:22","slug":"creditos-polizas-y-tramites","status":"publish","type":"page","link":"https:\/\/multimarcars.com\/index.php\/creditos-polizas-y-tramites\/","title":{"rendered":"Cr\u00e9ditos, P\u00f3lizas y Tramites"},"content":{"rendered":"\n<div class=\"wp-block-cover main-banner-section wow zoomIn delay-1000\" style=\"min-height:339px;aspect-ratio:unset;\"><img fetchpriority=\"high\" decoding=\"async\" width=\"675\" height=\"457\" class=\"wp-block-cover__image-background wp-image-415 size-full\" alt=\"\" src=\"https:\/\/multimarcars.com\/wp-content\/uploads\/2025\/06\/Imagen188888.jpg\" data-object-fit=\"cover\" srcset=\"https:\/\/multimarcars.com\/wp-content\/uploads\/2025\/06\/Imagen188888.jpg 675w, https:\/\/multimarcars.com\/wp-content\/uploads\/2025\/06\/Imagen188888-300x203.jpg 300w\" sizes=\"(max-width: 675px) 100vw, 675px\" \/><span aria-hidden=\"true\" class=\"wp-block-cover__background has-black-background-color has-background-dim-60 has-background-dim\"><\/span><div class=\"wp-block-cover__inner-container is-layout-flow wp-block-cover-is-layout-flow\">\n<div class=\"wp-block-columns is-layout-flex wp-container-core-columns-is-layout-28f84493 wp-block-columns-is-layout-flex\">\n<div class=\"wp-block-column is-layout-flow wp-block-column-is-layout-flow\"><\/div>\n\n\n\n<div class=\"wp-block-column is-vertically-aligned-center is-layout-flow wp-block-column-is-layout-flow\" style=\"flex-basis:45%\">\n<h2 class=\"wp-block-heading has-text-align-center has-montserrat-font-family\" style=\"font-size:29px;text-transform:uppercase\">Cr\u00e9ditos, P\u00f3lizas y Tramites<\/h2>\n\n\n\n<figure class=\"wp-block-image aligncenter size-full\"><img decoding=\"async\" src=\"https:\/\/multimarcars.com\/wp-content\/themes\/auto-car-dealership\/images\/car-border1.png\" alt=\"\" class=\"wp-image-14\"\/><\/figure>\n\n\n\n<p class=\"has-text-align-center has-montserrat-font-family\" style=\"font-size:15px;line-height:1.5\"><strong>Gestionamos seguros todo riesgo con aseguradoras reconocidas, cr\u00e9ditos flexibles y tr\u00e1mites vehiculares. Te acompa\u00f1amos en cada paso para que no pierdas tiempo ni te enfrentes a procesos complejos.<\/strong><\/p>\n\n\n\n<div class=\"wp-block-buttons is-content-justification-center is-layout-flex wp-container-core-buttons-is-layout-a89b3969 wp-block-buttons-is-layout-flex\">\n<div class=\"wp-block-button\"><a class=\"wp-block-button__link has-text-color has-background has-montserrat-font-family wp-element-button\" href=\"https:\/\/api.whatsapp.com\/send\/?phone=573188928000&amp;text=Necesito%20asesoria%20personalizada%20&amp;type=phone_number&amp;app_absent=0\" style=\"border-radius:30px;color:var(--wp--preset--color--primary);background-color:var(--wp--preset--color--secondary)\">Solicitar asesor\u00eda<\/a><\/div>\n<\/div>\n<\/div>\n\n\n\n<div class=\"wp-block-column is-layout-flow wp-block-column-is-layout-flow\"><\/div>\n<\/div>\n<\/div><\/div>\n\n\n\n<div class=\"wp-block-columns is-layout-flex wp-container-core-columns-is-layout-28f84493 wp-block-columns-is-layout-flex\">\n<div class=\"wp-block-column is-layout-flow wp-block-column-is-layout-flow\">\n<p class=\"has-text-align-center has-primary-color has-text-color has-link-color has-montserrat-font-family wp-elements-305fda5093482a830c09c502fd047195\" style=\"font-size:24px\"><strong>P\u00f3lizas todo riesgo<\/strong><\/p>\n\n\n\n<p class=\"has-text-align-left has-primary-color has-text-color has-link-color has-montserrat-font-family wp-elements-7e771d37d955ce1c6fc067662af269aa\" style=\"font-size:16px\"><strong>Asegura tu veh\u00edculo<\/strong>,<\/p>\n\n\n\n<p class=\"has-text-align-left has-montserrat-font-family\" style=\"font-size:22px\">\u2022 Te brindamos asesor\u00eda, para que elijas la p\u00f3liza de seguro ideal para tu veh\u00edculo, con el respaldo de m\u00faltiples aseguradoras reconocidas del pa\u00eds.<\/p>\n\n\n\n<p class=\"has-text-align-left has-montserrat-font-family\" style=\"font-size:22px\">\u2022 Adicional, te ofrecemos opciones de financiaci\u00f3n flexibles que te permiten pagar tu seguro en c\u00f3modas cuotas.<\/p>\n\n\n\n<p class=\"has-text-align-left has-montserrat-font-family\" style=\"font-size:22px\">\u00bfTienes dudas? Estamos siempre disponibles para orientarte y resolver todas tus preguntas con atenci\u00f3n personalizada<\/p>\n<\/div>\n\n\n\n<div class=\"wp-block-column is-layout-flow wp-block-column-is-layout-flow\">\n<p class=\"has-text-align-center has-primary-color has-text-color has-link-color has-montserrat-font-family wp-elements-bd61ead660d09f7953c440b573af4967\" style=\"font-size:24px\"><strong>Cr\u00e9ditos<\/strong><\/p>\n\n\n\n<p><\/p>\n\n\n\n<p class=\"has-montserrat-font-family\" style=\"font-size:22px\">Contamos con el respaldo de aliados financieros que ofrecen diversas alternativas de cr\u00e9dito, con condiciones flexibles, procesos \u00e1giles y total confianza. Nuestro objetivo es facilitarte el acceso al veh\u00edculo nuevo o usado que necesitas, adapt\u00e1ndonos a tus posibilidades y perfil financiero.<br><\/p>\n<\/div>\n<\/div>\n\n\n\n<figure class=\"wp-block-image aligncenter size-full is-resized\"><a href=\"https:\/\/api.whatsapp.com\/send\/?phone=573188928000&amp;text=Cotizar%20p%C3%B3liza%0A&amp;type=phone_number&amp;app_absent=0\"><img decoding=\"async\" width=\"376\" height=\"95\" src=\"https:\/\/multimarcars.com\/wp-content\/uploads\/2025\/06\/image-43.png\" alt=\"\" class=\"wp-image-413\" style=\"width:194px;height:auto\" srcset=\"https:\/\/multimarcars.com\/wp-content\/uploads\/2025\/06\/image-43.png 376w, https:\/\/multimarcars.com\/wp-content\/uploads\/2025\/06\/image-43-300x76.png 300w\" sizes=\"(max-width: 376px) 100vw, 376px\" \/><\/a><\/figure>\n\n\n\n<figure class=\"wp-block-image aligncenter size-full is-resized\"><img decoding=\"async\" width=\"632\" height=\"81\" src=\"https:\/\/multimarcars.com\/wp-content\/uploads\/2025\/06\/image-54.png\" alt=\"\" class=\"wp-image-428\" style=\"width:382px;height:auto\" srcset=\"https:\/\/multimarcars.com\/wp-content\/uploads\/2025\/06\/image-54.png 632w, https:\/\/multimarcars.com\/wp-content\/uploads\/2025\/06\/image-54-300x38.png 300w\" sizes=\"(max-width: 632px) 100vw, 632px\" \/><\/figure>\n\n\n\n<div class=\"wp-block-columns is-layout-flex wp-container-core-columns-is-layout-28f84493 wp-block-columns-is-layout-flex\">\n<div class=\"wp-block-column is-layout-flow wp-block-column-is-layout-flow\">\n<figure class=\"wp-block-image aligncenter size-full is-resized\"><img loading=\"lazy\" decoding=\"async\" width=\"696\" height=\"273\" src=\"https:\/\/multimarcars.com\/wp-content\/uploads\/2025\/06\/image-47.png\" alt=\"\" class=\"wp-image-421\" style=\"width:492px;height:auto\" srcset=\"https:\/\/multimarcars.com\/wp-content\/uploads\/2025\/06\/image-47.png 696w, https:\/\/multimarcars.com\/wp-content\/uploads\/2025\/06\/image-47-300x118.png 300w\" sizes=\"(max-width: 696px) 100vw, 696px\" \/><\/figure>\n<\/div>\n\n\n\n<div class=\"wp-block-column is-layout-flow wp-block-column-is-layout-flow\">\n<figure class=\"wp-block-image aligncenter size-full is-resized\"><img loading=\"lazy\" decoding=\"async\" width=\"708\" height=\"309\" src=\"https:\/\/multimarcars.com\/wp-content\/uploads\/2025\/06\/image-48.png\" alt=\"\" class=\"wp-image-422\" style=\"width:474px;height:auto\" srcset=\"https:\/\/multimarcars.com\/wp-content\/uploads\/2025\/06\/image-48.png 708w, https:\/\/multimarcars.com\/wp-content\/uploads\/2025\/06\/image-48-300x131.png 300w\" sizes=\"(max-width: 708px) 100vw, 708px\" \/><\/figure>\n<\/div>\n\n\n\n<div class=\"wp-block-column is-layout-flow wp-block-column-is-layout-flow\">\n<figure class=\"wp-block-image size-full is-resized\"><img loading=\"lazy\" decoding=\"async\" width=\"646\" height=\"344\" src=\"https:\/\/multimarcars.com\/wp-content\/uploads\/2025\/06\/image-49.png\" alt=\"\" class=\"wp-image-423\" style=\"width:428px;height:auto\" srcset=\"https:\/\/multimarcars.com\/wp-content\/uploads\/2025\/06\/image-49.png 646w, https:\/\/multimarcars.com\/wp-content\/uploads\/2025\/06\/image-49-300x160.png 300w\" sizes=\"(max-width: 646px) 100vw, 646px\" \/><\/figure>\n<\/div>\n<\/div>\n\n\n\n<div class=\"wp-block-columns is-layout-flex wp-container-core-columns-is-layout-28f84493 wp-block-columns-is-layout-flex\">\n<div class=\"wp-block-column is-layout-flow wp-block-column-is-layout-flow\">\n<figure class=\"wp-block-image aligncenter size-full is-resized\"><img loading=\"lazy\" decoding=\"async\" width=\"696\" height=\"405\" src=\"https:\/\/multimarcars.com\/wp-content\/uploads\/2025\/06\/image-50.png\" alt=\"\" class=\"wp-image-424\" style=\"width:473px;height:auto\" srcset=\"https:\/\/multimarcars.com\/wp-content\/uploads\/2025\/06\/image-50.png 696w, https:\/\/multimarcars.com\/wp-content\/uploads\/2025\/06\/image-50-300x175.png 300w\" sizes=\"(max-width: 696px) 100vw, 696px\" \/><\/figure>\n<\/div>\n\n\n\n<div class=\"wp-block-column is-layout-flow wp-block-column-is-layout-flow\">\n<figure class=\"wp-block-image size-full is-resized\"><img loading=\"lazy\" decoding=\"async\" width=\"663\" height=\"299\" src=\"https:\/\/multimarcars.com\/wp-content\/uploads\/2025\/06\/image-51.png\" alt=\"\" class=\"wp-image-425\" style=\"width:452px;height:auto\" srcset=\"https:\/\/multimarcars.com\/wp-content\/uploads\/2025\/06\/image-51.png 663w, https:\/\/multimarcars.com\/wp-content\/uploads\/2025\/06\/image-51-300x135.png 300w\" sizes=\"(max-width: 663px) 100vw, 663px\" \/><\/figure>\n<\/div>\n\n\n\n<div class=\"wp-block-column is-layout-flow wp-block-column-is-layout-flow\">\n<figure class=\"wp-block-image size-full is-resized\"><img loading=\"lazy\" decoding=\"async\" width=\"606\" height=\"335\" src=\"https:\/\/multimarcars.com\/wp-content\/uploads\/2025\/06\/image-52.png\" alt=\"\" class=\"wp-image-426\" style=\"width:386px;height:auto\" srcset=\"https:\/\/multimarcars.com\/wp-content\/uploads\/2025\/06\/image-52.png 606w, https:\/\/multimarcars.com\/wp-content\/uploads\/2025\/06\/image-52-300x166.png 300w\" sizes=\"(max-width: 606px) 100vw, 606px\" \/><\/figure>\n<\/div>\n<\/div>\n\n\n\n<figure class=\"wp-block-image aligncenter size-large is-resized\"><img loading=\"lazy\" decoding=\"async\" width=\"1024\" height=\"144\" src=\"https:\/\/multimarcars.com\/wp-content\/uploads\/2025\/06\/image-76-1024x144.png\" alt=\"\" class=\"wp-image-526\" style=\"width:953px;height:auto\" srcset=\"https:\/\/multimarcars.com\/wp-content\/uploads\/2025\/06\/image-76-1024x144.png 1024w, https:\/\/multimarcars.com\/wp-content\/uploads\/2025\/06\/image-76-300x42.png 300w, https:\/\/multimarcars.com\/wp-content\/uploads\/2025\/06\/image-76-768x108.png 768w, https:\/\/multimarcars.com\/wp-content\/uploads\/2025\/06\/image-76.png 1448w\" sizes=\"(max-width: 1024px) 100vw, 1024px\" \/><\/figure>\n\n\n\n<p><\/p>\n\n\n\n<figure class=\"wp-block-image aligncenter size-full is-resized\"><a href=\" https:\/\/api.whatsapp.com\/send\/?phone=573188928000&amp;text=Solicita%20asesor%C3%ADa%20cr%C3%A9ditos%20%0A&amp;type=phone_number&amp;app_absent=0\"><img loading=\"lazy\" decoding=\"async\" width=\"636\" height=\"83\" src=\"https:\/\/multimarcars.com\/wp-content\/uploads\/2025\/06\/image-59.png\" alt=\"\" class=\"wp-image-434\" style=\"width:360px;height:auto\" srcset=\"https:\/\/multimarcars.com\/wp-content\/uploads\/2025\/06\/image-59.png 636w, https:\/\/multimarcars.com\/wp-content\/uploads\/2025\/06\/image-59-300x39.png 300w\" sizes=\"(max-width: 636px) 100vw, 636px\" \/><\/a><\/figure>\n\n\n\n<p class=\"has-text-align-center has-foreground-color has-text-color has-link-color has-montserrat-font-family wp-elements-2c7ceb5df76085038cc919b510e95799\" style=\"font-size:17px\">En <strong>MultimarCars<\/strong>, creemos que comprar tu veh\u00edculo no debe ser complicado.<br>Por eso, te asesoramos desde el primer momento, resolvemos tus dudas y te guiamos paso a paso para que obtengas tu cr\u00e9dito sin estr\u00e9s. Adem\u00e1s, contamos con <strong>grandes aliados financieros<\/strong> que ofrecen tasas competitivas, tr\u00e1mites \u00e1giles y opciones de financiaci\u00f3n seg\u00fan tu perfil. Ya sea que compres Veh\u00edculo particular, Van, o Cami\u00f3n <strong>nosotros nos encargamos<\/strong>.<\/p>\n\n\n\n<p class=\"has-text-align-center has-montserrat-font-family\" style=\"font-size:20px\"><\/p>\n\n\n\n<div class=\"wp-block-media-text is-stacked-on-mobile\" style=\"grid-template-columns:27% auto\"><figure class=\"wp-block-media-text__media\"><img loading=\"lazy\" decoding=\"async\" width=\"360\" height=\"298\" src=\"https:\/\/multimarcars.com\/wp-content\/uploads\/2025\/06\/Screenshot-2025-06-17-074506-3.png\" alt=\"\" class=\"wp-image-436 size-full\" srcset=\"https:\/\/multimarcars.com\/wp-content\/uploads\/2025\/06\/Screenshot-2025-06-17-074506-3.png 360w, https:\/\/multimarcars.com\/wp-content\/uploads\/2025\/06\/Screenshot-2025-06-17-074506-3-300x248.png 300w\" sizes=\"(max-width: 360px) 100vw, 360px\" \/><\/figure><div class=\"wp-block-media-text__content\">\n<p class=\"has-text-align-left has-foreground-color has-text-color has-link-color has-montserrat-font-family wp-elements-34567e1f390aeb890cd17ecf8b36582b\"><strong>Tr\u00e1mites<\/strong><\/p>\n\n\n\n<p class=\"has-text-align-left has-link-color has-montserrat-font-family wp-elements-b178539ec0a4e3f301bf8ae4ead43cef\"><strong>Traspasos en Bogot\u00e1 y alrededores<\/strong><\/p>\n\n\n\n<p class=\"has-text-align-left has-link-color has-montserrat-font-family wp-elements-0256bf424d8158456e472b7aeab5822a\">\u00b7Optimiza tu tiempo al m\u00e1ximo mientras nosotros nos encargamos de todos los tr\u00e1mites de tu veh\u00edculo.<\/p>\n\n\n\n<p class=\"has-text-align-left has-link-color has-montserrat-font-family wp-elements-a9a6a82f08214755bc5ffbb0bdc8dd5c\">\u00b7Olv\u00eddate de las filas y procesos complejos<\/p>\n\n\n\n<p class=\"has-text-align-left has-link-color has-montserrat-font-family wp-elements-14aed62c6cb41092d8a074c6215ddc48\">\u00b7Tenemos la experiencia, la disposici\u00f3n y el respaldo necesario para gestionar todo por ti.<\/p>\n<\/div><\/div>\n\n\n\n<figure class=\"wp-block-image aligncenter size-full is-resized\"><a href=\" https:\/\/api.whatsapp.com\/send\/?phone=573188928000&amp;text=Solicita%20asesor%C3%ADa%20traspasos%0A&amp;type=phone_number&amp;app_absent=0\"><img loading=\"lazy\" decoding=\"async\" width=\"588\" height=\"85\" src=\"https:\/\/multimarcars.com\/wp-content\/uploads\/2025\/06\/image-65.png\" alt=\"\" class=\"wp-image-444\" style=\"width:297px;height:auto\" srcset=\"https:\/\/multimarcars.com\/wp-content\/uploads\/2025\/06\/image-65.png 588w, https:\/\/multimarcars.com\/wp-content\/uploads\/2025\/06\/image-65-300x43.png 300w\" sizes=\"(max-width: 588px) 100vw, 588px\" \/><\/a><\/figure>\n","protected":false},"excerpt":{"rendered":"<p>P\u00f3lizas todo riesgo Asegura tu veh\u00edculo, \u2022 Te brindamos asesor\u00eda, para que elijas la p\u00f3liza [&hellip;]<\/p>\n","protected":false},"author":1,"featured_media":0,"parent":0,"menu_order":0,"comment_status":"closed","ping_status":"closed","template":"","meta":{"footnotes":""},"class_list":["post-174","page","type-page","status-publish","hentry"],"_links":{"self":[{"href":"https:\/\/multimarcars.com\/index.php\/wp-json\/wp\/v2\/pages\/174","targetHints":{"allow":["GET"]}}],"collection":[{"href":"https:\/\/multimarcars.com\/index.php\/wp-json\/wp\/v2\/pages"}],"about":[{"href":"https:\/\/multimarcars.com\/index.php\/wp-json\/wp\/v2\/types\/page"}],"author":[{"embeddable":true,"href":"https:\/\/multimarcars.com\/index.php\/wp-json\/wp\/v2\/users\/1"}],"replies":[{"embeddable":true,"href":"https:\/\/multimarcars.com\/index.php\/wp-json\/wp\/v2\/comments?post=174"}],"version-history":[{"count":17,"href":"https:\/\/multimarcars.com\/index.php\/wp-json\/wp\/v2\/pages\/174\/revisions"}],"predecessor-version":[{"id":553,"href":"https:\/\/multimarcars.com\/index.php\/wp-json\/wp\/v2\/pages\/174\/revisions\/553"}],"wp:attachment":[{"href":"https:\/\/multimarcars.com\/index.php\/wp-json\/wp\/v2\/media?parent=174"}],"curies":[{"name":"wp","href":"https:\/\/api.w.org\/{rel}","templated":true}]}}